{"id":3310,"date":"2024-09-18T11:08:45","date_gmt":"2024-09-18T11:08:45","guid":{"rendered":"https:\/\/annam-group.com\/contact\/"},"modified":"2025-06-23T08:48:12","modified_gmt":"2025-06-23T08:48:12","slug":"contact","status":"publish","type":"page","link":"https:\/\/annam-group.com\/vi\/contact\/","title":{"rendered":"Li\u00ean h\u1ec7"},"content":{"rendered":"\t\t<div data-elementor-type=\"wp-page\" data-elementor-id=\"3310\" class=\"elementor elementor-3310 elementor-27\">\n\t\t\t\t<div class=\"elementor-element elementor-element-27f0d7f3 e-con-full e-flex e-con e-parent\" data-id=\"27f0d7f3\" data-element_type=\"container\">\n\t\t\t\t<div class=\"elementor-element elementor-element-6310845e slide-full-screen elementor-widget elementor-widget-slider_digiweb\" data-id=\"6310845e\" data-element_type=\"widget\" data-widget_type=\"slider_digiweb.default\">\n\t\t\t\t<div class=\"elementor-widget-container\">\n\t\t\t\t\t        <div class=\"swiper swiper-one\" \r\n\t\t\tdata-loop=\"true\" \r\n\t\t\tdata-speed=\"3000\" \r\n\t\t\tdata-auto=\"true\"\r\n\t\t\tdata-id=\"6310845e\"\r\n\t\t>\r\n            <div class=\"swiper-wrapper\">\r\n                                <div class=\"swiper-slide\">\r\n                    <img fetchpriority=\"high\" decoding=\"async\" width=\"1920\" height=\"953\" src=\"https:\/\/annam-group.com\/wp-content\/uploads\/2025\/02\/contact-banner-01.jpg\" class=\"swiper-slide-bg-image\" alt=\"\" data-swiper-parallax=\"-100\" srcset=\"https:\/\/annam-group.com\/wp-content\/uploads\/2025\/02\/contact-banner-01.jpg 1920w, https:\/\/annam-group.com\/wp-content\/uploads\/2025\/02\/contact-banner-01-300x149.jpg 300w, https:\/\/annam-group.com\/wp-content\/uploads\/2025\/02\/contact-banner-01-1024x508.jpg 1024w, https:\/\/annam-group.com\/wp-content\/uploads\/2025\/02\/contact-banner-01-768x381.jpg 768w, https:\/\/annam-group.com\/wp-content\/uploads\/2025\/02\/contact-banner-01-1536x762.jpg 1536w\" sizes=\"(max-width: 1920px) 100vw, 1920px\" \/>                    <div class=\"swiper-slide-content elementor-repeater-item-df0bfa7\">\r\n                        <div class=\"swiper-slide-text\" data-swiper-parallax=\"100\">\r\n                                                    <\/div>\r\n                    <\/div>\r\n                <\/div>\r\n                                <div class=\"swiper-slide\">\r\n                    <img decoding=\"async\" width=\"1920\" height=\"967\" src=\"https:\/\/annam-group.com\/wp-content\/uploads\/2025\/02\/contact-banner-02.jpg\" class=\"swiper-slide-bg-image\" alt=\"\" data-swiper-parallax=\"-100\" srcset=\"https:\/\/annam-group.com\/wp-content\/uploads\/2025\/02\/contact-banner-02.jpg 1920w, https:\/\/annam-group.com\/wp-content\/uploads\/2025\/02\/contact-banner-02-300x151.jpg 300w, https:\/\/annam-group.com\/wp-content\/uploads\/2025\/02\/contact-banner-02-1024x516.jpg 1024w, https:\/\/annam-group.com\/wp-content\/uploads\/2025\/02\/contact-banner-02-768x387.jpg 768w, https:\/\/annam-group.com\/wp-content\/uploads\/2025\/02\/contact-banner-02-1536x774.jpg 1536w\" sizes=\"(max-width: 1920px) 100vw, 1920px\" \/>                    <div class=\"swiper-slide-content elementor-repeater-item-140de36\">\r\n                        <div class=\"swiper-slide-text\" data-swiper-parallax=\"100\">\r\n                                                    <\/div>\r\n                    <\/div>\r\n                <\/div>\r\n                                <div class=\"swiper-slide\">\r\n                    <img decoding=\"async\" width=\"1920\" height=\"970\" src=\"https:\/\/annam-group.com\/wp-content\/uploads\/2025\/02\/contact-banner-03.jpg\" class=\"swiper-slide-bg-image\" alt=\"\" data-swiper-parallax=\"-100\" srcset=\"https:\/\/annam-group.com\/wp-content\/uploads\/2025\/02\/contact-banner-03.jpg 1920w, https:\/\/annam-group.com\/wp-content\/uploads\/2025\/02\/contact-banner-03-300x152.jpg 300w, https:\/\/annam-group.com\/wp-content\/uploads\/2025\/02\/contact-banner-03-1024x517.jpg 1024w, https:\/\/annam-group.com\/wp-content\/uploads\/2025\/02\/contact-banner-03-768x388.jpg 768w, https:\/\/annam-group.com\/wp-content\/uploads\/2025\/02\/contact-banner-03-1536x776.jpg 1536w\" sizes=\"(max-width: 1920px) 100vw, 1920px\" \/>                    <div class=\"swiper-slide-content elementor-repeater-item-9cdda7e\">\r\n                        <div class=\"swiper-slide-text\" data-swiper-parallax=\"100\">\r\n                                                    <\/div>\r\n                    <\/div>\r\n                <\/div>\r\n                                <div class=\"swiper-slide\">\r\n                    <img loading=\"lazy\" decoding=\"async\" width=\"1920\" height=\"970\" src=\"https:\/\/annam-group.com\/wp-content\/uploads\/2025\/02\/contact-banner-04.jpg\" class=\"swiper-slide-bg-image\" alt=\"\" data-swiper-parallax=\"-100\" srcset=\"https:\/\/annam-group.com\/wp-content\/uploads\/2025\/02\/contact-banner-04.jpg 1920w, https:\/\/annam-group.com\/wp-content\/uploads\/2025\/02\/contact-banner-04-300x152.jpg 300w, https:\/\/annam-group.com\/wp-content\/uploads\/2025\/02\/contact-banner-04-1024x517.jpg 1024w, https:\/\/annam-group.com\/wp-content\/uploads\/2025\/02\/contact-banner-04-768x388.jpg 768w, https:\/\/annam-group.com\/wp-content\/uploads\/2025\/02\/contact-banner-04-1536x776.jpg 1536w\" sizes=\"(max-width: 1920px) 100vw, 1920px\" \/>                    <div class=\"swiper-slide-content elementor-repeater-item-43c9552\">\r\n                        <div class=\"swiper-slide-text\" data-swiper-parallax=\"100\">\r\n                                                    <\/div>\r\n                    <\/div>\r\n                <\/div>\r\n                            <\/div>\r\n            <div class=\"swiper-button-prev swiper-button-prev6310845e show-swiper-button-arrow-desktop\t show-swiper-button-arrow-mobile\"><\/div>\r\n            <div class=\"swiper-button-next swiper-button-next6310845e show-swiper-button-arrow-desktop\t show-swiper-button-arrow-mobile\"><\/div>\r\n            <div class=\"swiper-pagination swiper-pagination6310845e show-swiper-pagination-desktop\t show-swiper-pagination-mobile\t\"><\/div>\r\n        <\/div>\r\n\r\n\t\t\t\t\t\t<\/div>\n\t\t\t\t<\/div>\n\t\t\t\t<\/div>\n\t\t<div class=\"elementor-element elementor-element-a096c11 e-con-full page-padding-left page-padding-right section-head section-head-background-white e-flex e-con e-parent\" data-id=\"a096c11\" data-element_type=\"container\">\n\t\t\t\t<div class=\"elementor-element elementor-element-3d56f38 elementor-widget elementor-widget-text-editor\" data-id=\"3d56f38\" data-element_type=\"widget\" data-widget_type=\"text-editor.default\">\n\t\t\t\t<div class=\"elementor-widget-container\">\n\t\t\t\t\t\t\t\t\t<h1>Th\u00f4ng tin li\u00ean h\u1ec7<\/h1>\t\t\t\t\t\t\t\t<\/div>\n\t\t\t\t<\/div>\n\t\t\t\t<\/div>\n\t\t<div class=\"elementor-element elementor-element-501370f e-con-full page-padding-left page-padding-right contact-information-section e-flex e-con e-parent\" data-id=\"501370f\" data-element_type=\"container\">\n\t\t\t\t<div class=\"elementor-element elementor-element-2824eed elementor-widget elementor-widget-text-editor\" data-id=\"2824eed\" data-element_type=\"widget\" data-widget_type=\"text-editor.default\">\n\t\t\t\t<div class=\"elementor-widget-container\">\n\t\t\t\t\t\t\t\t\t<h4>VI\u1ec6T NAM<\/h4><p><strong><a href=\"tel: +84 (0)28 3 512 640\">+84 (0)28 3 512 640<\/a>0<\/strong><br \/>41 \u0110\u01b0\u1eddng Th\u1ea3o \u0110i\u1ec1n, Ph\u01b0\u1eddng Th\u1ea3o \u0110i\u1ec1n, Th\u00e0nh ph\u1ed1 Th\u1ee7 \u0110\u1ee9c, Th\u00e0nh ph\u1ed1 H\u1ed3 Ch\u00ed Minh, Vi\u1ec7t Nam<\/p><p><a href=\"mailto:vietnam@annam-group.com\">vietnam@annam-group.com<\/a><\/p>\t\t\t\t\t\t\t\t<\/div>\n\t\t\t\t<\/div>\n\t\t\t\t<div class=\"elementor-element elementor-element-791f1a0 elementor-widget elementor-widget-text-editor\" data-id=\"791f1a0\" data-element_type=\"widget\" data-widget_type=\"text-editor.default\">\n\t\t\t\t<div class=\"elementor-widget-container\">\n\t\t\t\t\t\t\t\t\t<h4>CAMBODIA<\/h4><p>S\u1ed1 E0-16 (L\u00f4 s\u1ed1 1136), \u0110\u01b0\u1eddng 77BT,<br data-start=\"187\" data-end=\"190\" \/>Chamraeun Phal Village Sangkat Boeng Tumpun 1,<br data-start=\"233\" data-end=\"236\" \/>Qu\u1eadn Mean Chey, Th\u1ee7 \u0111\u00f4 Phnom Penh<\/p><p><a href=\"mailto:cambodia@annam-group.com\">cambodia@annam-group.com<\/a><\/p>\t\t\t\t\t\t\t\t<\/div>\n\t\t\t\t<\/div>\n\t\t\t\t<div class=\"elementor-element elementor-element-fa09a75 elementor-widget elementor-widget-text-editor\" data-id=\"fa09a75\" data-element_type=\"widget\" data-widget_type=\"text-editor.default\">\n\t\t\t\t<div class=\"elementor-widget-container\">\n\t\t\t\t\t\t\t\t\t<h4>MYANMAR<\/h4><p>S\u1ed1 67\/A, \u0110\u01b0\u1eddng Myamarlar,<br data-start=\"147\" data-end=\"150\" \/>Khu C\u00f4ng nghi\u1ec7p Tharketa, Th\u1ecb tr\u1ea5n Tharketa,<br data-start=\"194\" data-end=\"197\" \/>Yangon, Myanmar<\/p><p><a href=\"mailto:myanmar@annam-group.com\">myanmar@annam-group.com<\/a><\/p>\t\t\t\t\t\t\t\t<\/div>\n\t\t\t\t<\/div>\n\t\t\t\t<\/div>\n\t\t<div class=\"elementor-element elementor-element-13d89a77 e-con-full page-padding-left page-padding-right e-flex elementor-invisible e-con e-parent\" data-id=\"13d89a77\" data-element_type=\"container\" data-settings=\"{&quot;background_background&quot;:&quot;classic&quot;,&quot;animation&quot;:&quot;fadeIn&quot;}\">\n\t\t<div class=\"elementor-element elementor-element-4c0ffb5c e-con-full e-flex e-con e-child\" data-id=\"4c0ffb5c\" data-element_type=\"container\">\n\t\t\t\t<div class=\"elementor-element elementor-element-51234108 elementor-widget elementor-widget-contact_form_digiweb\" data-id=\"51234108\" data-element_type=\"widget\" data-widget_type=\"contact_form_digiweb.default\">\n\t\t\t\t<div class=\"elementor-widget-container\">\n\t\t\t\t\t\t<div class=\"form-digiweb\">\t\r\n        <form class=\"ui form\" id=\"contactform51234108\">\r\n            <input type=\"hidden\" id=\"field_csrf_contact\" name=\"field_csrf_contact\" value=\"b3f1749d98\" \/><input type=\"hidden\" name=\"_wp_http_referer\" value=\"\/vi\/wp-json\/wp\/v2\/pages\/3310\" \/>\t\t\t<input type=\"hidden\" name=\"emailrecieve\" value=\"info@digiweb.com.vn\" \/>\r\n\t\t\t<input type=\"hidden\" name=\"emailsubject\" value=\"Annam Group - Website Contact\" \/>\r\n\t\t\t<input type=\"hidden\" name=\"emailheaders\" value=\"Website Contact\" \/>\r\n\t\t\t<input type=\"hidden\" name=\"type\" value=\"contact\" \/>\r\n            <div class=\"field\">\r\n                <div class=\"two fields\">\r\n                    <div class=\"field fieldyourname51234108\">\r\n                        <input type=\"text\" name=\"yourname\" id=\"yourname51234108\" placeholder=\"H\u1ecd t\u00ean*\">\r\n                    <\/div>\r\n                    <div class=\"field fieldcompnay51234108\">\r\n                        <input type=\"text\" name=\"compnay\" id=\"compnay51234108\" placeholder=\"C\u00f4ng ty\">\r\n                    <\/div>\r\n                <\/div>\r\n            <\/div>\r\n\r\n            <div class=\"field\">\r\n                <div class=\"two fields\">\r\n                    <div class=\"field fieldphone51234108\">\r\n                        <input type=\"text\" name=\"phone\" id=\"phone51234108\" placeholder=\"S\u1ed1 \u0111i\u1ec7n tho\u1ea1i*\">\r\n                    <\/div>\r\n                    <div class=\"field fieldemail51234108\">\r\n                        <input type=\"text\" name=\"email\" id=\"email51234108\" placeholder=\"Email*\">\r\n                    <\/div>\r\n                <\/div>\r\n            <\/div>\r\n\r\n            <div class=\"field\">\r\n                <div class=\"two fields\">\r\n                    <div class=\"field field-dropdown fieldbusinessunits fieldbusinessunits51234108\">\r\n                        <select class=\"ui fluid  dropdown\" name=\"businessunits\" id=\"businessunits51234108\">\r\n                            <option value=\"\">\u0110\u01a1n v\u1ecb kinh doanh<\/option>\r\n                            \t\t\t\t\t\t\t\t\t\t\t\t\t\t\t\t\t<option value=\"selectgroup\">C\u1eeda h\u00e0ng b\u00e1n l\u1ebb<\/option>\r\n\t\t\t\t\t\t\t\t                            \t\t\t\t\t\t\t\t\t\t\t\t\t\t\t\t\t<option value=\"Annam Gourmet\">&nbsp;&nbsp;Annam Gourmet<\/option>\r\n\t\t\t\t\t\t\t\t                            \t\t\t\t\t\t\t\t\t\t\t\t\t\t\t\t\t<option value=\"Warehouse\">&nbsp;&nbsp;Warehouse<\/option>\r\n\t\t\t\t\t\t\t\t                            \t\t\t\t\t\t\t\t\t\t\t\t\t\t\t\t\t<option value=\"selectgroup\">Nh\u1eadp kh\u1ea9u & Ph\u00e2n ph\u1ed1i<\/option>\r\n\t\t\t\t\t\t\t\t                            \t\t\t\t\t\t\t\t\t\t\t\t\t\t\t\t\t<option value=\"B\u00e1n l\u1ebb quy m\u00f4 l\u1edbn\">&nbsp;&nbsp;B\u00e1n l\u1ebb quy m\u00f4 l\u1edbn<\/option>\r\n\t\t\t\t\t\t\t\t                            \t\t\t\t\t\t\t\t\t\t\t\t\t\t\t\t\t<option value=\"D\u1ecbch v\u1ee5 th\u1ef1c ph\u1ea9m\">&nbsp;&nbsp;D\u1ecbch v\u1ee5 th\u1ef1c ph\u1ea9m<\/option>\r\n\t\t\t\t\t\t\t\t                            \t\t\t\t\t\t\t\t\t\t\t\t\t\t\t\t\t<option value=\"Nespresso\">&nbsp;&nbsp;Nespresso<\/option>\r\n\t\t\t\t\t\t\t\t                            \t\t\t\t\t\t\t\t\t\t\t\t\t\t\t\t\t<option value=\"Th\u1ef1c ph\u1ea9m th\u1ee7 c\u00f4ng\">Th\u1ef1c ph\u1ea9m th\u1ee7 c\u00f4ng<\/option>\r\n\t\t\t\t\t\t\t\t                                                    <\/select>\r\n                    <\/div>\r\n                    <div class=\"field field-dropdown fieldproducts51234108\">\r\n                        <select class=\"ui fluid  dropdown\" name=\"products\" id=\"products51234108\">\r\n                            <option value=\"\">S\u1ea3n ph\u1ea9m<\/option>\r\n                                                            <option value=\"\u0110\u1ed3 u\u1ed1ng\">\u0110\u1ed3 u\u1ed1ng<\/option>\r\n                                                            <option value=\"Th\u1ef1c ph\u1ea9m\">Th\u1ef1c ph\u1ea9m<\/option>\r\n                                                            <option value=\"R\u01b0\u1ee3u vang\">R\u01b0\u1ee3u vang<\/option>\r\n                                                    <\/select>\r\n                    <\/div>\r\n                <\/div>\r\n            <\/div>\r\n\r\n            <div class=\"field fieldmessage51234108\">\r\n                <textarea rows=\"4\" placeholder=\"Tin nh\u1eafn\" name=\"message\" id=\"message51234108\"><\/textarea>\r\n            <\/div>\r\n            <div class=\"field contact-form-act\">\r\n                <div class=\"two fields\">\r\n\r\n                    <div class=\"inline field fieldagree51234108\">\r\n                        <div class=\"ui checkbox\">\r\n                            <input id=\"agree51234108\" value=\"\u0110\u0103ng k\u00fd nh\u1eadn b\u1ea3n tin\" type=\"checkbox\" tabindex=\"0\" class=\"hidden\" checked=\"checked\">\r\n                            <label>\u0110\u0103ng k\u00fd nh\u1eadn b\u1ea3n tin<\/label>\r\n                        <\/div>\r\n                    <\/div>\r\n                    <div class=\"field\">\r\n                        <div onclick=\"sendcontact(this)\" data-defineid=\"51234108\" class=\"ui submit button\">G\u1eedi<\/div>\r\n                    <\/div>\r\n                <\/div>\r\n            <\/div>\r\n        <\/form>\r\n    <\/div>\r\n    \t\t\t\t<\/div>\n\t\t\t\t<\/div>\n\t\t\t\t<\/div>\n\t\t<div class=\"elementor-element elementor-element-a68033e e-con-full e-flex e-con e-child\" data-id=\"a68033e\" data-element_type=\"container\">\n\t\t\t\t<div class=\"elementor-element elementor-element-374db65a elementor-widget elementor-widget-text-editor\" data-id=\"374db65a\" data-element_type=\"widget\" data-widget_type=\"text-editor.default\">\n\t\t\t\t<div class=\"elementor-widget-container\">\n\t\t\t\t\t\t\t\t\t<h3><span style=\"color: #1f332e;\">Li\u00ean h\u1ec7 v\u1edbi ch\u00fang t\u00f4i<\/span><\/h3>\t\t\t\t\t\t\t\t<\/div>\n\t\t\t\t<\/div>\n\t\t\t\t<\/div>\n\t\t\t\t<div class=\"elementor-element elementor-element-86e5cc2 elementor-widget elementor-widget-background_digiweb\" data-id=\"86e5cc2\" data-element_type=\"widget\" data-widget_type=\"background_digiweb.default\">\n\t\t\t\t<div class=\"elementor-widget-container\">\n\t\t\t\t\t        <div class=\"background-digiweb background-digiweb-height\">\r\n\t\t\t\t\t\t\t<img loading=\"lazy\" decoding=\"async\" width=\"602\" height=\"588\" src=\"https:\/\/annam-group.com\/wp-content\/uploads\/2024\/09\/contac-background.svg\" class=\"background-img-digiweb\" alt=\"\" \/>\t\t\t\t\t\t\r\n        <\/div>\r\n\t\t\r\n\t\t\t\t\t<\/div>\n\t\t\t\t<\/div>\n\t\t\t\t<\/div>\n\t\t\t\t<\/div>\n\t\t","protected":false},"excerpt":{"rendered":"<p>Th\u00f4ng tin li\u00ean h\u1ec7 VI\u1ec6T NAM +84 (0)28 3 512 640041 \u0110\u01b0\u1eddng Th\u1ea3o \u0110i\u1ec1n, Ph\u01b0\u1eddng Th\u1ea3o \u0110i\u1ec1n, Th\u00e0nh ph\u1ed1 Th\u1ee7 \u0110\u1ee9c, Th\u00e0nh ph\u1ed1 H\u1ed3 Ch\u00ed Minh, Vi\u1ec7t Nam vietnam@annam-group.com CAMBODIA S\u1ed1 E0-16 (L\u00f4 s\u1ed1 1136), \u0110\u01b0\u1eddng 77BT,Chamraeun Phal Village Sangkat Boeng Tumpun 1,Qu\u1eadn Mean Chey, Th\u1ee7 \u0111\u00f4 Phnom Penh cambodia@annam-group.com MYANMAR S\u1ed1 67\/A, \u0110\u01b0\u1eddng Myamarlar,Khu [&hellip;]<\/p>\n","protected":false},"author":1,"featured_media":0,"parent":0,"menu_order":7,"comment_status":"closed","ping_status":"closed","template":"","meta":{"_acf_changed":false,"footnotes":""},"class_list":["post-3310","page","type-page","status-publish","hentry"],"acf":[],"yoast_head":"<!-- This site is optimized with the Yoast SEO plugin v25.1 - https:\/\/yoast.com\/wordpress\/plugins\/seo\/ -->\n<title>Li\u00ean h\u1ec7 - Annam Group<\/title>\n<meta name=\"robots\" content=\"index, follow, max-snippet:-1, max-image-preview:large, max-video-preview:-1\" \/>\n<link rel=\"canonical\" href=\"https:\/\/annam-group.com\/vi\/contact\/\" \/>\n<meta property=\"og:locale\" content=\"vi_VN\" \/>\n<meta property=\"og:type\" content=\"article\" \/>\n<meta property=\"og:title\" content=\"Li\u00ean h\u1ec7 - Annam Group\" \/>\n<meta property=\"og:description\" content=\"Th\u00f4ng tin li\u00ean h\u1ec7 VI\u1ec6T NAM +84 (0)28 3 512 640041 \u0110\u01b0\u1eddng Th\u1ea3o \u0110i\u1ec1n, Ph\u01b0\u1eddng Th\u1ea3o \u0110i\u1ec1n, Th\u00e0nh ph\u1ed1 Th\u1ee7 \u0110\u1ee9c, Th\u00e0nh ph\u1ed1 H\u1ed3 Ch\u00ed Minh, Vi\u1ec7t Nam vietnam@annam-group.com CAMBODIA S\u1ed1 E0-16 (L\u00f4 s\u1ed1 1136), \u0110\u01b0\u1eddng 77BT,Chamraeun Phal Village Sangkat Boeng Tumpun 1,Qu\u1eadn Mean Chey, Th\u1ee7 \u0111\u00f4 Phnom Penh cambodia@annam-group.com MYANMAR S\u1ed1 67\/A, \u0110\u01b0\u1eddng Myamarlar,Khu [&hellip;]\" \/>\n<meta property=\"og:url\" content=\"https:\/\/annam-group.com\/vi\/contact\/\" \/>\n<meta property=\"og:site_name\" content=\"Annam Group\" \/>\n<meta property=\"article:modified_time\" content=\"2025-06-23T08:48:12+00:00\" \/>\n<meta property=\"og:image\" content=\"https:\/\/annam-group.com\/wp-content\/uploads\/2025\/02\/contact-banner-01.jpg\" \/>\n<meta name=\"twitter:card\" content=\"summary_large_image\" \/>\n<meta name=\"twitter:label1\" content=\"Est. reading time\" \/>\n\t<meta name=\"twitter:data1\" content=\"2 minutes\" \/>\n<script type=\"application\/ld+json\" class=\"yoast-schema-graph\">{\"@context\":\"https:\/\/schema.org\",\"@graph\":[{\"@type\":\"WebPage\",\"@id\":\"https:\/\/annam-group.com\/vi\/contact\/\",\"url\":\"https:\/\/annam-group.com\/vi\/contact\/\",\"name\":\"Li\u00ean h\u1ec7 - Annam Group\",\"isPartOf\":{\"@id\":\"https:\/\/annam-group.com\/vi\/#website\"},\"primaryImageOfPage\":{\"@id\":\"https:\/\/annam-group.com\/vi\/contact\/#primaryimage\"},\"image\":{\"@id\":\"https:\/\/annam-group.com\/vi\/contact\/#primaryimage\"},\"thumbnailUrl\":\"https:\/\/annam-group.com\/wp-content\/uploads\/2025\/02\/contact-banner-01.jpg\",\"datePublished\":\"2024-09-18T11:08:45+00:00\",\"dateModified\":\"2025-06-23T08:48:12+00:00\",\"breadcrumb\":{\"@id\":\"https:\/\/annam-group.com\/vi\/contact\/#breadcrumb\"},\"inLanguage\":\"vi-VN\",\"potentialAction\":[{\"@type\":\"ReadAction\",\"target\":[\"https:\/\/annam-group.com\/vi\/contact\/\"]}]},{\"@type\":\"ImageObject\",\"inLanguage\":\"vi-VN\",\"@id\":\"https:\/\/annam-group.com\/vi\/contact\/#primaryimage\",\"url\":\"https:\/\/annam-group.com\/wp-content\/uploads\/2025\/02\/contact-banner-01.jpg\",\"contentUrl\":\"https:\/\/annam-group.com\/wp-content\/uploads\/2025\/02\/contact-banner-01.jpg\"},{\"@type\":\"BreadcrumbList\",\"@id\":\"https:\/\/annam-group.com\/vi\/contact\/#breadcrumb\",\"itemListElement\":[{\"@type\":\"ListItem\",\"position\":1,\"name\":\"Home\",\"item\":\"https:\/\/annam-group.com\/vi\/\"},{\"@type\":\"ListItem\",\"position\":2,\"name\":\"Li\u00ean h\u1ec7\"}]},{\"@type\":\"WebSite\",\"@id\":\"https:\/\/annam-group.com\/vi\/#website\",\"url\":\"https:\/\/annam-group.com\/vi\/\",\"name\":\"Annam Group\",\"description\":\"\",\"potentialAction\":[{\"@type\":\"SearchAction\",\"target\":{\"@type\":\"EntryPoint\",\"urlTemplate\":\"https:\/\/annam-group.com\/vi\/?s={search_term_string}\"},\"query-input\":{\"@type\":\"PropertyValueSpecification\",\"valueRequired\":true,\"valueName\":\"search_term_string\"}}],\"inLanguage\":\"vi-VN\"}]}<\/script>\n<!-- \/ Yoast SEO plugin. -->","yoast_head_json":{"title":"Li\u00ean h\u1ec7 - Annam Group","robots":{"index":"index","follow":"follow","max-snippet":"max-snippet:-1","max-image-preview":"max-image-preview:large","max-video-preview":"max-video-preview:-1"},"canonical":"https:\/\/annam-group.com\/vi\/contact\/","og_locale":"vi_VN","og_type":"article","og_title":"Li\u00ean h\u1ec7 - Annam Group","og_description":"Th\u00f4ng tin li\u00ean h\u1ec7 VI\u1ec6T NAM +84 (0)28 3 512 640041 \u0110\u01b0\u1eddng Th\u1ea3o \u0110i\u1ec1n, Ph\u01b0\u1eddng Th\u1ea3o \u0110i\u1ec1n, Th\u00e0nh ph\u1ed1 Th\u1ee7 \u0110\u1ee9c, Th\u00e0nh ph\u1ed1 H\u1ed3 Ch\u00ed Minh, Vi\u1ec7t Nam vietnam@annam-group.com CAMBODIA S\u1ed1 E0-16 (L\u00f4 s\u1ed1 1136), \u0110\u01b0\u1eddng 77BT,Chamraeun Phal Village Sangkat Boeng Tumpun 1,Qu\u1eadn Mean Chey, Th\u1ee7 \u0111\u00f4 Phnom Penh cambodia@annam-group.com MYANMAR S\u1ed1 67\/A, \u0110\u01b0\u1eddng Myamarlar,Khu [&hellip;]","og_url":"https:\/\/annam-group.com\/vi\/contact\/","og_site_name":"Annam Group","article_modified_time":"2025-06-23T08:48:12+00:00","og_image":[{"url":"https:\/\/annam-group.com\/wp-content\/uploads\/2025\/02\/contact-banner-01.jpg","type":"","width":"","height":""}],"twitter_card":"summary_large_image","twitter_misc":{"Est. reading time":"2 minutes"},"schema":{"@context":"https:\/\/schema.org","@graph":[{"@type":"WebPage","@id":"https:\/\/annam-group.com\/vi\/contact\/","url":"https:\/\/annam-group.com\/vi\/contact\/","name":"Li\u00ean h\u1ec7 - Annam Group","isPartOf":{"@id":"https:\/\/annam-group.com\/vi\/#website"},"primaryImageOfPage":{"@id":"https:\/\/annam-group.com\/vi\/contact\/#primaryimage"},"image":{"@id":"https:\/\/annam-group.com\/vi\/contact\/#primaryimage"},"thumbnailUrl":"https:\/\/annam-group.com\/wp-content\/uploads\/2025\/02\/contact-banner-01.jpg","datePublished":"2024-09-18T11:08:45+00:00","dateModified":"2025-06-23T08:48:12+00:00","breadcrumb":{"@id":"https:\/\/annam-group.com\/vi\/contact\/#breadcrumb"},"inLanguage":"vi-VN","potentialAction":[{"@type":"ReadAction","target":["https:\/\/annam-group.com\/vi\/contact\/"]}]},{"@type":"ImageObject","inLanguage":"vi-VN","@id":"https:\/\/annam-group.com\/vi\/contact\/#primaryimage","url":"https:\/\/annam-group.com\/wp-content\/uploads\/2025\/02\/contact-banner-01.jpg","contentUrl":"https:\/\/annam-group.com\/wp-content\/uploads\/2025\/02\/contact-banner-01.jpg"},{"@type":"BreadcrumbList","@id":"https:\/\/annam-group.com\/vi\/contact\/#breadcrumb","itemListElement":[{"@type":"ListItem","position":1,"name":"Home","item":"https:\/\/annam-group.com\/vi\/"},{"@type":"ListItem","position":2,"name":"Li\u00ean h\u1ec7"}]},{"@type":"WebSite","@id":"https:\/\/annam-group.com\/vi\/#website","url":"https:\/\/annam-group.com\/vi\/","name":"Annam Group","description":"","potentialAction":[{"@type":"SearchAction","target":{"@type":"EntryPoint","urlTemplate":"https:\/\/annam-group.com\/vi\/?s={search_term_string}"},"query-input":{"@type":"PropertyValueSpecification","valueRequired":true,"valueName":"search_term_string"}}],"inLanguage":"vi-VN"}]}},"_links":{"self":[{"href":"https:\/\/annam-group.com\/vi\/wp-json\/wp\/v2\/pages\/3310","targetHints":{"allow":["GET"]}}],"collection":[{"href":"https:\/\/annam-group.com\/vi\/wp-json\/wp\/v2\/pages"}],"about":[{"href":"https:\/\/annam-group.com\/vi\/wp-json\/wp\/v2\/types\/page"}],"author":[{"embeddable":true,"href":"https:\/\/annam-group.com\/vi\/wp-json\/wp\/v2\/users\/1"}],"replies":[{"embeddable":true,"href":"https:\/\/annam-group.com\/vi\/wp-json\/wp\/v2\/comments?post=3310"}],"version-history":[{"count":4,"href":"https:\/\/annam-group.com\/vi\/wp-json\/wp\/v2\/pages\/3310\/revisions"}],"predecessor-version":[{"id":5698,"href":"https:\/\/annam-group.com\/vi\/wp-json\/wp\/v2\/pages\/3310\/revisions\/5698"}],"wp:attachment":[{"href":"https:\/\/annam-group.com\/vi\/wp-json\/wp\/v2\/media?parent=3310"}],"curies":[{"name":"wp","href":"https:\/\/api.w.org\/{rel}","templated":true}]}}