{"id":3295,"date":"2024-10-08T10:19:50","date_gmt":"2024-10-08T10:19:50","guid":{"rendered":"https:\/\/annam-group.com\/annam-myanmar\/"},"modified":"2025-06-23T08:11:02","modified_gmt":"2025-06-23T08:11:02","slug":"annam-myanmar","status":"publish","type":"page","link":"https:\/\/annam-group.com\/vi\/our-business-units\/annam-myanmar\/","title":{"rendered":"Th\u1ecb tr\u01b0\u1eddng Myanmar"},"content":{"rendered":"\t\t<div data-elementor-type=\"wp-page\" data-elementor-id=\"3295\" class=\"elementor elementor-3295 elementor-1290\">\n\t\t\t\t<div class=\"elementor-element elementor-element-71de5259 e-con-full e-flex e-con e-parent\" data-id=\"71de5259\" data-element_type=\"container\">\n\t\t\t\t<div class=\"elementor-element elementor-element-3da02085 slide-full-screen elementor-widget elementor-widget-slider_digiweb\" data-id=\"3da02085\" data-element_type=\"widget\" data-widget_type=\"slider_digiweb.default\">\n\t\t\t\t<div class=\"elementor-widget-container\">\n\t\t\t\t\t        <div class=\"swiper swiper-one\" \r\n\t\t\tdata-loop=\"true\" \r\n\t\t\tdata-speed=\"3000\" \r\n\t\t\tdata-auto=\"true\"\r\n\t\t\tdata-id=\"3da02085\"\r\n\t\t>\r\n            <div class=\"swiper-wrapper\">\r\n                                <div class=\"swiper-slide\">\r\n                    <img fetchpriority=\"high\" decoding=\"async\" width=\"1364\" height=\"666\" src=\"https:\/\/annam-group.com\/wp-content\/uploads\/2024\/10\/annam-myanmar-banner-80.jpg\" class=\"swiper-slide-bg-image\" alt=\"\" data-swiper-parallax=\"-100\" srcset=\"https:\/\/annam-group.com\/wp-content\/uploads\/2024\/10\/annam-myanmar-banner-80.jpg 1364w, https:\/\/annam-group.com\/wp-content\/uploads\/2024\/10\/annam-myanmar-banner-80-300x146.jpg 300w, https:\/\/annam-group.com\/wp-content\/uploads\/2024\/10\/annam-myanmar-banner-80-1024x500.jpg 1024w, https:\/\/annam-group.com\/wp-content\/uploads\/2024\/10\/annam-myanmar-banner-80-768x375.jpg 768w\" sizes=\"(max-width: 1364px) 100vw, 1364px\" \/>                    <div class=\"swiper-slide-content elementor-repeater-item-1653f10\">\r\n                        <div class=\"swiper-slide-text\" data-swiper-parallax=\"100\">\r\n                                                    <\/div>\r\n                    <\/div>\r\n                <\/div>\r\n                            <\/div>\r\n            <div class=\"swiper-button-prev swiper-button-prev3da02085 show-swiper-button-arrow-desktop\t \"><\/div>\r\n            <div class=\"swiper-button-next swiper-button-next3da02085 show-swiper-button-arrow-desktop\t \"><\/div>\r\n            <div class=\"swiper-pagination swiper-pagination3da02085 show-swiper-pagination-desktop\t \t\"><\/div>\r\n        <\/div>\r\n\r\n\t\t\t\t\t\t<\/div>\n\t\t\t\t<\/div>\n\t\t\t\t<\/div>\n\t\t<div class=\"elementor-element elementor-element-2b723cb5 e-con-full e-flex e-con e-parent\" data-id=\"2b723cb5\" data-element_type=\"container\" data-settings=\"{&quot;background_background&quot;:&quot;classic&quot;}\">\n\t\t<div class=\"elementor-element elementor-element-24a5a267 e-con-full page-padding-left section-head color-white-p e-flex e-con e-child\" data-id=\"24a5a267\" data-element_type=\"container\">\n\t\t\t\t<div class=\"elementor-element elementor-element-37d6a027 elementor-widget elementor-widget-text-editor\" data-id=\"37d6a027\" data-element_type=\"widget\" data-widget_type=\"text-editor.default\">\n\t\t\t\t<div class=\"elementor-widget-container\">\n\t\t\t\t\t\t\t\t\t<h1>Annam Myanmar<\/h1>\t\t\t\t\t\t\t\t<\/div>\n\t\t\t\t<\/div>\n\t\t\t\t<div class=\"elementor-element elementor-element-58bc1f6e elementor-widget__width-initial elementor-widget elementor-widget-text-editor\" data-id=\"58bc1f6e\" data-element_type=\"widget\" data-widget_type=\"text-editor.default\">\n\t\t\t\t<div class=\"elementor-widget-container\">\n\t\t\t\t\t\t\t\t\t<p data-start=\"0\" data-end=\"429\">T\u1eeb n\u0103m 2011, Annam Myanmar \u0111\u00e3 l\u00e0 \u0111\u01a1n v\u1ecb nh\u1eadp kh\u1ea9u, ti\u1ebfp th\u1ecb v\u00e0 ph\u00e2n ph\u1ed1i c\u00e1c th\u01b0\u01a1ng hi\u1ec7u FMCG cao c\u1ea5p t\u1ea1i th\u1ecb tr\u01b0\u1eddng Myanmar. V\u1edbi ni\u1ec1m \u0111am m\u00ea d\u00e0nh cho th\u01b0\u01a1ng hi\u1ec7u, ch\u00fang t\u00f4i \u0111\u1ea1i di\u1ec7n v\u00e0 qu\u1ea3n l\u00fd c\u00e1c th\u01b0\u01a1ng hi\u1ec7u tr\u00ean c\u01a1 s\u1edf ph\u00e2n ph\u1ed1i \u0111\u1ed9c quy\u1ec1n. Ch\u00fang t\u00f4i cung c\u1ea5p quy tr\u00ecnh kh\u00e9p k\u00edn, t\u1eeb nh\u1eadp kh\u1ea9u, th\u00f4ng quan, l\u01b0u kho, ti\u1ebfp th\u1ecb &amp; qu\u1ea3ng c\u00e1o, \u0111\u1ecbnh v\u1ecb k\u00eanh ph\u00e2n ph\u1ed1i \u0111\u1ebfn giao h\u00e0ng cho kh\u00e1ch h\u00e0ng HORECA v\u00e0 b\u00e1n l\u1ebb.<\/p><p data-start=\"431\" data-end=\"708\">Ch\u00fang t\u00f4i tuy\u1ec3n ch\u1ecdn nh\u1eefng s\u1ea3n ph\u1ea9m th\u1ef1c ph\u1ea9m v\u00e0 \u0111\u1ed3 u\u1ed1ng cao c\u1ea5p, ch\u1ea5t l\u01b0\u1ee3ng v\u00e0 h\u01b0\u01a1ng v\u1ecb th\u01a1m ngon t\u1eeb kh\u1eafp n\u01a1i tr\u00ean th\u1ebf gi\u1edbi \u0111\u1ec3 ph\u00e2n ph\u1ed1i r\u1ed9ng kh\u1eafp to\u00e0n qu\u1ed1c. Ch\u00fang t\u00f4i t\u1ef1 h\u00e0o l\u00e0 \u0111\u1ed1i t\u00e1c tin c\u1eady cho b\u1ea5t k\u1ef3 th\u01b0\u01a1ng hi\u1ec7u uy t\u00edn to\u00e0n c\u1ea7u n\u00e0o mong mu\u1ed1n chinh ph\u1ee5c th\u1ecb tr\u01b0\u1eddng Myanmar.<\/p><p data-start=\"710\" data-end=\"965\">L\u00e0 m\u1ed9t ph\u1ea7n trong cam k\u1ebft tr\u1edf th\u00e0nh nh\u00e0 cung c\u1ea5p s\u1ea3n ph\u1ea9m cao c\u1ea5p h\u00e0ng \u0111\u1ea7u t\u1ea1i Myanmar, \u0111\u1ed9i ng\u0169 Annam Myanmar lu\u00f4n \u0111\u1ed3ng h\u00e0nh ch\u1eb7t ch\u1ebd v\u1edbi c\u00e1c \u0111\u1ed1i t\u00e1c th\u01b0\u01a1ng m\u1ea1i hi\u1ec7n \u0111\u1ea1i v\u00e0 HORECA, kh\u00f4ng ng\u1eebng n\u00e2ng cao ch\u1ea5t l\u01b0\u1ee3ng d\u1ecbch v\u1ee5 v\u00e0 ph\u00e1t tri\u1ec3n kinh doanh m\u1ed7i ng\u00e0y.<\/p>\t\t\t\t\t\t\t\t<\/div>\n\t\t\t\t<\/div>\n\t\t\t\t<\/div>\n\t\t<div class=\"elementor-element elementor-element-24e67be5 e-con-full e-flex e-con e-child\" data-id=\"24e67be5\" data-element_type=\"container\">\n\t\t\t\t<div class=\"elementor-element elementor-element-49196a82 elementor-widget elementor-widget-google_maps_digiweb\" data-id=\"49196a82\" data-element_type=\"widget\" data-widget_type=\"google_maps_digiweb.default\">\n\t\t\t\t<div class=\"elementor-widget-container\">\n\t\t\t\t\t        <div class=\"google-maps-digiweb\">\r\n            <iframe class=\"iframe-maps-digiweb\" src=\"https:\/\/www.google.com\/maps\/embed?pb=!1m14!1m8!1m3!1d3819.3643364232403!2d96.1985102!3d16.8082722!3m2!1i1024!2i768!4f13.1!3m3!1m2!1s0x30c1ed28905f5061%3A0x3c8663f713123c59!2sAnnam%20Myanmar!5e0!3m2!1svi!2s!4v1729175302508!5m2!1svi!2s\" ><\/iframe>\r\n        <\/div>\r\n\t\t\r\n\t\t\t\t\t\t<\/div>\n\t\t\t\t<\/div>\n\t\t\t\t<\/div>\n\t\t\t\t<\/div>\n\t\t\t\t<\/div>\n\t\t","protected":false},"excerpt":{"rendered":"<p>Annam Myanmar T\u1eeb n\u0103m 2011, Annam Myanmar \u0111\u00e3 l\u00e0 \u0111\u01a1n v\u1ecb nh\u1eadp kh\u1ea9u, ti\u1ebfp th\u1ecb v\u00e0 ph\u00e2n ph\u1ed1i c\u00e1c th\u01b0\u01a1ng hi\u1ec7u FMCG cao c\u1ea5p t\u1ea1i th\u1ecb tr\u01b0\u1eddng Myanmar. V\u1edbi ni\u1ec1m \u0111am m\u00ea d\u00e0nh cho th\u01b0\u01a1ng hi\u1ec7u, ch\u00fang t\u00f4i \u0111\u1ea1i di\u1ec7n v\u00e0 qu\u1ea3n l\u00fd c\u00e1c th\u01b0\u01a1ng hi\u1ec7u tr\u00ean c\u01a1 s\u1edf ph\u00e2n ph\u1ed1i \u0111\u1ed9c quy\u1ec1n. Ch\u00fang t\u00f4i [&hellip;]<\/p>\n","protected":false},"author":1,"featured_media":0,"parent":3314,"menu_order":14,"comment_status":"closed","ping_status":"closed","template":"","meta":{"_acf_changed":false,"footnotes":""},"class_list":["post-3295","page","type-page","status-publish","hentry"],"acf":[],"yoast_head":"<!-- This site is optimized with the Yoast SEO plugin v25.1 - https:\/\/yoast.com\/wordpress\/plugins\/seo\/ -->\n<title>Th\u1ecb tr\u01b0\u1eddng Myanmar - Annam Group<\/title>\n<meta name=\"robots\" content=\"index, follow, max-snippet:-1, max-image-preview:large, max-video-preview:-1\" \/>\n<link rel=\"canonical\" href=\"https:\/\/annam-group.com\/vi\/our-business-units\/annam-myanmar\/\" \/>\n<meta property=\"og:locale\" content=\"vi_VN\" \/>\n<meta property=\"og:type\" content=\"article\" \/>\n<meta property=\"og:title\" content=\"Th\u1ecb tr\u01b0\u1eddng Myanmar - Annam Group\" \/>\n<meta property=\"og:description\" content=\"Annam Myanmar T\u1eeb n\u0103m 2011, Annam Myanmar \u0111\u00e3 l\u00e0 \u0111\u01a1n v\u1ecb nh\u1eadp kh\u1ea9u, ti\u1ebfp th\u1ecb v\u00e0 ph\u00e2n ph\u1ed1i c\u00e1c th\u01b0\u01a1ng hi\u1ec7u FMCG cao c\u1ea5p t\u1ea1i th\u1ecb tr\u01b0\u1eddng Myanmar. V\u1edbi ni\u1ec1m \u0111am m\u00ea d\u00e0nh cho th\u01b0\u01a1ng hi\u1ec7u, ch\u00fang t\u00f4i \u0111\u1ea1i di\u1ec7n v\u00e0 qu\u1ea3n l\u00fd c\u00e1c th\u01b0\u01a1ng hi\u1ec7u tr\u00ean c\u01a1 s\u1edf ph\u00e2n ph\u1ed1i \u0111\u1ed9c quy\u1ec1n. Ch\u00fang t\u00f4i [&hellip;]\" \/>\n<meta property=\"og:url\" content=\"https:\/\/annam-group.com\/vi\/our-business-units\/annam-myanmar\/\" \/>\n<meta property=\"og:site_name\" content=\"Annam Group\" \/>\n<meta property=\"article:modified_time\" content=\"2025-06-23T08:11:02+00:00\" \/>\n<meta property=\"og:image\" content=\"https:\/\/annam-group.com\/wp-content\/uploads\/2024\/10\/annam-myanmar-banner-80.jpg\" \/>\n<meta name=\"twitter:card\" content=\"summary_large_image\" \/>\n<meta name=\"twitter:label1\" content=\"Est. reading time\" \/>\n\t<meta name=\"twitter:data1\" content=\"2 minutes\" \/>\n<script type=\"application\/ld+json\" class=\"yoast-schema-graph\">{\"@context\":\"https:\/\/schema.org\",\"@graph\":[{\"@type\":\"WebPage\",\"@id\":\"https:\/\/annam-group.com\/vi\/our-business-units\/annam-myanmar\/\",\"url\":\"https:\/\/annam-group.com\/vi\/our-business-units\/annam-myanmar\/\",\"name\":\"Th\u1ecb tr\u01b0\u1eddng Myanmar - Annam Group\",\"isPartOf\":{\"@id\":\"https:\/\/annam-group.com\/vi\/#website\"},\"primaryImageOfPage\":{\"@id\":\"https:\/\/annam-group.com\/vi\/our-business-units\/annam-myanmar\/#primaryimage\"},\"image\":{\"@id\":\"https:\/\/annam-group.com\/vi\/our-business-units\/annam-myanmar\/#primaryimage\"},\"thumbnailUrl\":\"https:\/\/annam-group.com\/wp-content\/uploads\/2024\/10\/annam-myanmar-banner-80.jpg\",\"datePublished\":\"2024-10-08T10:19:50+00:00\",\"dateModified\":\"2025-06-23T08:11:02+00:00\",\"breadcrumb\":{\"@id\":\"https:\/\/annam-group.com\/vi\/our-business-units\/annam-myanmar\/#breadcrumb\"},\"inLanguage\":\"vi-VN\",\"potentialAction\":[{\"@type\":\"ReadAction\",\"target\":[\"https:\/\/annam-group.com\/vi\/our-business-units\/annam-myanmar\/\"]}]},{\"@type\":\"ImageObject\",\"inLanguage\":\"vi-VN\",\"@id\":\"https:\/\/annam-group.com\/vi\/our-business-units\/annam-myanmar\/#primaryimage\",\"url\":\"https:\/\/annam-group.com\/wp-content\/uploads\/2024\/10\/annam-myanmar-banner-80.jpg\",\"contentUrl\":\"https:\/\/annam-group.com\/wp-content\/uploads\/2024\/10\/annam-myanmar-banner-80.jpg\"},{\"@type\":\"BreadcrumbList\",\"@id\":\"https:\/\/annam-group.com\/vi\/our-business-units\/annam-myanmar\/#breadcrumb\",\"itemListElement\":[{\"@type\":\"ListItem\",\"position\":1,\"name\":\"Home\",\"item\":\"https:\/\/annam-group.com\/vi\/\"},{\"@type\":\"ListItem\",\"position\":2,\"name\":\"C\u00e1c \u0111\u01a1n v\u1ecb kinh doanh\",\"item\":\"https:\/\/annam-group.com\/vi\/our-business-units\/\"},{\"@type\":\"ListItem\",\"position\":3,\"name\":\"Th\u1ecb tr\u01b0\u1eddng Myanmar\"}]},{\"@type\":\"WebSite\",\"@id\":\"https:\/\/annam-group.com\/vi\/#website\",\"url\":\"https:\/\/annam-group.com\/vi\/\",\"name\":\"Annam Group\",\"description\":\"\",\"potentialAction\":[{\"@type\":\"SearchAction\",\"target\":{\"@type\":\"EntryPoint\",\"urlTemplate\":\"https:\/\/annam-group.com\/vi\/?s={search_term_string}\"},\"query-input\":{\"@type\":\"PropertyValueSpecification\",\"valueRequired\":true,\"valueName\":\"search_term_string\"}}],\"inLanguage\":\"vi-VN\"}]}<\/script>\n<!-- \/ Yoast SEO plugin. -->","yoast_head_json":{"title":"Th\u1ecb tr\u01b0\u1eddng Myanmar - Annam Group","robots":{"index":"index","follow":"follow","max-snippet":"max-snippet:-1","max-image-preview":"max-image-preview:large","max-video-preview":"max-video-preview:-1"},"canonical":"https:\/\/annam-group.com\/vi\/our-business-units\/annam-myanmar\/","og_locale":"vi_VN","og_type":"article","og_title":"Th\u1ecb tr\u01b0\u1eddng Myanmar - Annam Group","og_description":"Annam Myanmar T\u1eeb n\u0103m 2011, Annam Myanmar \u0111\u00e3 l\u00e0 \u0111\u01a1n v\u1ecb nh\u1eadp kh\u1ea9u, ti\u1ebfp th\u1ecb v\u00e0 ph\u00e2n ph\u1ed1i c\u00e1c th\u01b0\u01a1ng hi\u1ec7u FMCG cao c\u1ea5p t\u1ea1i th\u1ecb tr\u01b0\u1eddng Myanmar. V\u1edbi ni\u1ec1m \u0111am m\u00ea d\u00e0nh cho th\u01b0\u01a1ng hi\u1ec7u, ch\u00fang t\u00f4i \u0111\u1ea1i di\u1ec7n v\u00e0 qu\u1ea3n l\u00fd c\u00e1c th\u01b0\u01a1ng hi\u1ec7u tr\u00ean c\u01a1 s\u1edf ph\u00e2n ph\u1ed1i \u0111\u1ed9c quy\u1ec1n. Ch\u00fang t\u00f4i [&hellip;]","og_url":"https:\/\/annam-group.com\/vi\/our-business-units\/annam-myanmar\/","og_site_name":"Annam Group","article_modified_time":"2025-06-23T08:11:02+00:00","og_image":[{"url":"https:\/\/annam-group.com\/wp-content\/uploads\/2024\/10\/annam-myanmar-banner-80.jpg","type":"","width":"","height":""}],"twitter_card":"summary_large_image","twitter_misc":{"Est. reading time":"2 minutes"},"schema":{"@context":"https:\/\/schema.org","@graph":[{"@type":"WebPage","@id":"https:\/\/annam-group.com\/vi\/our-business-units\/annam-myanmar\/","url":"https:\/\/annam-group.com\/vi\/our-business-units\/annam-myanmar\/","name":"Th\u1ecb tr\u01b0\u1eddng Myanmar - Annam Group","isPartOf":{"@id":"https:\/\/annam-group.com\/vi\/#website"},"primaryImageOfPage":{"@id":"https:\/\/annam-group.com\/vi\/our-business-units\/annam-myanmar\/#primaryimage"},"image":{"@id":"https:\/\/annam-group.com\/vi\/our-business-units\/annam-myanmar\/#primaryimage"},"thumbnailUrl":"https:\/\/annam-group.com\/wp-content\/uploads\/2024\/10\/annam-myanmar-banner-80.jpg","datePublished":"2024-10-08T10:19:50+00:00","dateModified":"2025-06-23T08:11:02+00:00","breadcrumb":{"@id":"https:\/\/annam-group.com\/vi\/our-business-units\/annam-myanmar\/#breadcrumb"},"inLanguage":"vi-VN","potentialAction":[{"@type":"ReadAction","target":["https:\/\/annam-group.com\/vi\/our-business-units\/annam-myanmar\/"]}]},{"@type":"ImageObject","inLanguage":"vi-VN","@id":"https:\/\/annam-group.com\/vi\/our-business-units\/annam-myanmar\/#primaryimage","url":"https:\/\/annam-group.com\/wp-content\/uploads\/2024\/10\/annam-myanmar-banner-80.jpg","contentUrl":"https:\/\/annam-group.com\/wp-content\/uploads\/2024\/10\/annam-myanmar-banner-80.jpg"},{"@type":"BreadcrumbList","@id":"https:\/\/annam-group.com\/vi\/our-business-units\/annam-myanmar\/#breadcrumb","itemListElement":[{"@type":"ListItem","position":1,"name":"Home","item":"https:\/\/annam-group.com\/vi\/"},{"@type":"ListItem","position":2,"name":"C\u00e1c \u0111\u01a1n v\u1ecb kinh doanh","item":"https:\/\/annam-group.com\/vi\/our-business-units\/"},{"@type":"ListItem","position":3,"name":"Th\u1ecb tr\u01b0\u1eddng Myanmar"}]},{"@type":"WebSite","@id":"https:\/\/annam-group.com\/vi\/#website","url":"https:\/\/annam-group.com\/vi\/","name":"Annam Group","description":"","potentialAction":[{"@type":"SearchAction","target":{"@type":"EntryPoint","urlTemplate":"https:\/\/annam-group.com\/vi\/?s={search_term_string}"},"query-input":{"@type":"PropertyValueSpecification","valueRequired":true,"valueName":"search_term_string"}}],"inLanguage":"vi-VN"}]}},"_links":{"self":[{"href":"https:\/\/annam-group.com\/vi\/wp-json\/wp\/v2\/pages\/3295","targetHints":{"allow":["GET"]}}],"collection":[{"href":"https:\/\/annam-group.com\/vi\/wp-json\/wp\/v2\/pages"}],"about":[{"href":"https:\/\/annam-group.com\/vi\/wp-json\/wp\/v2\/types\/page"}],"author":[{"embeddable":true,"href":"https:\/\/annam-group.com\/vi\/wp-json\/wp\/v2\/users\/1"}],"replies":[{"embeddable":true,"href":"https:\/\/annam-group.com\/vi\/wp-json\/wp\/v2\/comments?post=3295"}],"version-history":[{"count":5,"href":"https:\/\/annam-group.com\/vi\/wp-json\/wp\/v2\/pages\/3295\/revisions"}],"predecessor-version":[{"id":5727,"href":"https:\/\/annam-group.com\/vi\/wp-json\/wp\/v2\/pages\/3295\/revisions\/5727"}],"up":[{"embeddable":true,"href":"https:\/\/annam-group.com\/vi\/wp-json\/wp\/v2\/pages\/3314"}],"wp:attachment":[{"href":"https:\/\/annam-group.com\/vi\/wp-json\/wp\/v2\/media?parent=3295"}],"curies":[{"name":"wp","href":"https:\/\/api.w.org\/{rel}","templated":true}]}}